{"id":101,"date":"2025-03-09T16:24:48","date_gmt":"2025-03-09T15:24:48","guid":{"rendered":"http:\/\/formiaplus.com\/?page_id=101"},"modified":"2025-03-30T17:48:01","modified_gmt":"2025-03-30T15:48:01","slug":"les-lettres-de-veille-pedagogies-actives-et-intelligence-artificielle","status":"publish","type":"page","link":"http:\/\/formiaplus.com\/?page_id=101","title":{"rendered":"Les lettres de veille"},"content":{"rendered":"\t\t<div data-elementor-type=\"wp-page\" data-elementor-id=\"101\" class=\"elementor elementor-101\">\n\t\t\t\t<div class=\"elementor-element elementor-element-31dbce7 e-flex e-con-boxed e-con e-parent\" data-id=\"31dbce7\" data-element_type=\"container\">\n\t\t\t\t\t<div class=\"e-con-inner\">\n\t\t\t\t<div class=\"elementor-element elementor-element-5bc2c34 elementor-widget__width-inherit elementor-widget elementor-widget-heading\" data-id=\"5bc2c34\" data-element_type=\"widget\" data-widget_type=\"heading.default\">\n\t\t\t\t<div class=\"elementor-widget-container\">\n\t\t\t\t\t<h2 class=\"elementor-heading-title elementor-size-default\">Chaque semaine les nouveaut\u00e9s technologiques concernant les P\u00e9dagogies Actives et l'Intelligence Artificielle en \u00e9ducation<\/h2>\t\t\t\t<\/div>\n\t\t\t\t<\/div>\n\t\t\t\t\t<\/div>\n\t\t\t\t<\/div>\n\t\t<div class=\"elementor-element elementor-element-e6a54c0 e-flex e-con-boxed e-con e-parent\" data-id=\"e6a54c0\" data-element_type=\"container\">\n\t\t\t\t\t<div class=\"e-con-inner\">\n\t\t\t\t<div class=\"elementor-element elementor-element-cf850b6 elementor-widget elementor-widget-text-editor\" data-id=\"cf850b6\" data-element_type=\"widget\" data-widget_type=\"text-editor.default\">\n\t\t\t\t<div class=\"elementor-widget-container\">\n\t\t\t\t\t\t\t\t\t<p>Pr\u00e9sent\u00e9 sous la forme d&#8217;un padlet une information est donn\u00e9e par son titre, une explication br\u00e8ve et une image ce qui favorise une lecture rapide. En cliquant sur l&#8217;image on a acc\u00e8s \u00e0 la publication originale pour une lecture plus approfondie<\/p>\t\t\t\t\t\t\t\t<\/div>\n\t\t\t\t<\/div>\n\t\t\t\t\t<\/div>\n\t\t\t\t<\/div>\n\t\t<div class=\"elementor-element elementor-element-eb144b2 e-flex e-con-boxed e-con e-parent\" data-id=\"eb144b2\" data-element_type=\"container\">\n\t\t\t\t\t<div class=\"e-con-inner\">\n\t\t\t\t<div class=\"elementor-element elementor-element-d5c0bd6 elementor-widget elementor-widget-text-editor\" data-id=\"d5c0bd6\" data-element_type=\"widget\" data-widget_type=\"text-editor.default\">\n\t\t\t\t<div class=\"elementor-widget-container\">\n\t\t\t\t\t\t\t\t\t<p>La <strong><em>Lettre P\u00e9dagogies Actives<\/em><\/strong> existe depuis plus de 3 ans, elle en est \u00e0 son num\u00e9ro 206 (mi-mars 2025)<\/p>\t\t\t\t\t\t\t\t<\/div>\n\t\t\t\t<\/div>\n\t\t\t\t\t<\/div>\n\t\t\t\t<\/div>\n\t\t<div class=\"elementor-element elementor-element-6f5e5ef e-flex e-con-boxed e-con e-parent\" data-id=\"6f5e5ef\" data-element_type=\"container\">\n\t\t\t\t\t<div class=\"e-con-inner\">\n\t\t\t\t<div class=\"elementor-element elementor-element-448277c elementor-widget elementor-widget-image\" data-id=\"448277c\" data-element_type=\"widget\" data-widget_type=\"image.default\">\n\t\t\t\t<div class=\"elementor-widget-container\">\n\t\t\t\t\t\t\t\t\t\t\t\t\t\t\t<img fetchpriority=\"high\" decoding=\"async\" width=\"580\" height=\"421\" src=\"http:\/\/formiaplus.com\/wp-content\/uploads\/2025\/03\/Screenshot-2025-03-09-at-14-38-50-Lettre-Pedagogies-Actives-n\u00b0206-du-14-mars-2025-1024x744.png\" class=\"attachment-large size-large wp-image-80\" alt=\"\" srcset=\"http:\/\/formiaplus.com\/wp-content\/uploads\/2025\/03\/Screenshot-2025-03-09-at-14-38-50-Lettre-Pedagogies-Actives-n\u00b0206-du-14-mars-2025-1024x744.png 1024w, http:\/\/formiaplus.com\/wp-content\/uploads\/2025\/03\/Screenshot-2025-03-09-at-14-38-50-Lettre-Pedagogies-Actives-n\u00b0206-du-14-mars-2025-300x218.png 300w, http:\/\/formiaplus.com\/wp-content\/uploads\/2025\/03\/Screenshot-2025-03-09-at-14-38-50-Lettre-Pedagogies-Actives-n\u00b0206-du-14-mars-2025-768x558.png 768w, http:\/\/formiaplus.com\/wp-content\/uploads\/2025\/03\/Screenshot-2025-03-09-at-14-38-50-Lettre-Pedagogies-Actives-n\u00b0206-du-14-mars-2025.png 1047w\" sizes=\"(max-width: 580px) 100vw, 580px\" \/>\t\t\t\t\t\t\t\t\t\t\t\t\t\t\t<\/div>\n\t\t\t\t<\/div>\n\t\t\t\t\t<\/div>\n\t\t\t\t<\/div>\n\t\t<div class=\"elementor-element elementor-element-47e7173 e-flex e-con-boxed e-con e-parent\" data-id=\"47e7173\" data-element_type=\"container\">\n\t\t\t\t\t<div class=\"e-con-inner\">\n\t\t\t\t<div class=\"elementor-element elementor-element-929788c elementor-widget elementor-widget-text-editor\" data-id=\"929788c\" data-element_type=\"widget\" data-widget_type=\"text-editor.default\">\n\t\t\t\t<div class=\"elementor-widget-container\">\n\t\t\t\t\t\t\t\t\t<p>La <em><strong>lettre Intelligence Artificielle<\/strong><\/em> en est \u00e0 son num\u00e9ro 67 (mi-mars 2025)<\/p>\t\t\t\t\t\t\t\t<\/div>\n\t\t\t\t<\/div>\n\t\t\t\t\t<\/div>\n\t\t\t\t<\/div>\n\t\t<div class=\"elementor-element elementor-element-b2693c8 e-flex e-con-boxed e-con e-parent\" data-id=\"b2693c8\" data-element_type=\"container\">\n\t\t\t\t\t<div class=\"e-con-inner\">\n\t\t\t\t<div class=\"elementor-element elementor-element-800fb9f elementor-widget elementor-widget-image\" data-id=\"800fb9f\" data-element_type=\"widget\" data-widget_type=\"image.default\">\n\t\t\t\t<div class=\"elementor-widget-container\">\n\t\t\t\t\t\t\t\t\t\t\t\t\t\t\t<img decoding=\"async\" width=\"580\" height=\"296\" src=\"http:\/\/formiaplus.com\/wp-content\/uploads\/2025\/03\/Screenshot-2025-03-09-at-14-39-05-Lettre-Intelligence-Artificielle-n\u00b067-du-21-mars-2025-1024x523.png\" class=\"attachment-large size-large wp-image-81\" alt=\"\" srcset=\"http:\/\/formiaplus.com\/wp-content\/uploads\/2025\/03\/Screenshot-2025-03-09-at-14-39-05-Lettre-Intelligence-Artificielle-n\u00b067-du-21-mars-2025-1024x523.png 1024w, http:\/\/formiaplus.com\/wp-content\/uploads\/2025\/03\/Screenshot-2025-03-09-at-14-39-05-Lettre-Intelligence-Artificielle-n\u00b067-du-21-mars-2025-300x153.png 300w, http:\/\/formiaplus.com\/wp-content\/uploads\/2025\/03\/Screenshot-2025-03-09-at-14-39-05-Lettre-Intelligence-Artificielle-n\u00b067-du-21-mars-2025-768x392.png 768w, http:\/\/formiaplus.com\/wp-content\/uploads\/2025\/03\/Screenshot-2025-03-09-at-14-39-05-Lettre-Intelligence-Artificielle-n\u00b067-du-21-mars-2025.png 1062w\" sizes=\"(max-width: 580px) 100vw, 580px\" \/>\t\t\t\t\t\t\t\t\t\t\t\t\t\t\t<\/div>\n\t\t\t\t<\/div>\n\t\t\t\t\t<\/div>\n\t\t\t\t<\/div>\n\t\t<div class=\"elementor-element elementor-element-7232fa1 e-flex e-con-boxed e-con e-parent\" data-id=\"7232fa1\" data-element_type=\"container\">\n\t\t\t\t\t<div class=\"e-con-inner\">\n\t\t\t\t<div class=\"elementor-element elementor-element-d9a16ba elementor-widget elementor-widget-text-editor\" data-id=\"d9a16ba\" data-element_type=\"widget\" data-widget_type=\"text-editor.default\">\n\t\t\t\t<div class=\"elementor-widget-container\">\n\t\t\t\t\t\t\t\t\t<p>Les deux lettres sont disponibles <em><strong>gratuitement<\/strong><\/em> sur LinkedIn ou Mastodon (pseudonyme COCHISE) . On peut les recevoir directement par mail d\u00e8s leur parution (le vendredi matin). pour vous inscrire \u00e0 cette diffusion envoyez un mail \u00e0 letipidecochise@free.fr avec la mention &#8220;s&#8217;abonner&#8221;. Une fois inscrit vous aurez \u00e9galement acc\u00e8s \u00e0 l&#8217;ensemble des lettres d\u00e9j\u00e0 parues<\/p><p><!-- \/wp:paragraph --> <!-- wp:paragraph --><\/p><p>Deux outils indispensables pour votre veille technologique<\/p><p><!-- \/wp:paragraph --><\/p>\t\t\t\t\t\t\t\t<\/div>\n\t\t\t\t<\/div>\n\t\t\t\t\t<\/div>\n\t\t\t\t<\/div>\n\t\t\t\t<\/div>\n\t\t","protected":false},"excerpt":{"rendered":"<p>Chaque semaine les nouveaut\u00e9s technologiques concernant les P\u00e9dagogies Actives et l&#8217;Intelligence Artificielle en \u00e9ducation Pr\u00e9sent\u00e9 sous la forme d&#8217;un padlet une information est donn\u00e9e par son titre, une explication br\u00e8ve et une image ce qui favorise une lecture rapide. En cliquant sur l&#8217;image on a acc\u00e8s \u00e0 la publication originale pour une lecture plus approfondie [&hellip;]<\/p>\n","protected":false},"author":1,"featured_media":0,"parent":0,"menu_order":0,"comment_status":"closed","ping_status":"closed","template":"templates\/template-full-width.php","meta":{"footnotes":""},"class_list":["post-101","page","type-page","status-publish","hentry"],"_links":{"self":[{"href":"http:\/\/formiaplus.com\/index.php?rest_route=\/wp\/v2\/pages\/101","targetHints":{"allow":["GET"]}}],"collection":[{"href":"http:\/\/formiaplus.com\/index.php?rest_route=\/wp\/v2\/pages"}],"about":[{"href":"http:\/\/formiaplus.com\/index.php?rest_route=\/wp\/v2\/types\/page"}],"author":[{"embeddable":true,"href":"http:\/\/formiaplus.com\/index.php?rest_route=\/wp\/v2\/users\/1"}],"replies":[{"embeddable":true,"href":"http:\/\/formiaplus.com\/index.php?rest_route=%2Fwp%2Fv2%2Fcomments&post=101"}],"version-history":[{"count":17,"href":"http:\/\/formiaplus.com\/index.php?rest_route=\/wp\/v2\/pages\/101\/revisions"}],"predecessor-version":[{"id":193,"href":"http:\/\/formiaplus.com\/index.php?rest_route=\/wp\/v2\/pages\/101\/revisions\/193"}],"wp:attachment":[{"href":"http:\/\/formiaplus.com\/index.php?rest_route=%2Fwp%2Fv2%2Fmedia&parent=101"}],"curies":[{"name":"wp","href":"https:\/\/api.w.org\/{rel}","templated":true}]}}